{"id":128,"date":"2026-03-06T10:55:32","date_gmt":"2026-03-06T08:55:32","guid":{"rendered":"https:\/\/kuuskant.ee\/?post_type=product&#038;p=128"},"modified":"2026-03-29T22:01:09","modified_gmt":"2026-03-29T19:01:09","slug":"tungraud","status":"publish","type":"product","link":"https:\/\/kuuskant.ee\/en\/product\/tungraud\/","title":{"rendered":"Tungraud"},"content":{"rendered":"<p>Tungraud mis t\u00f5stab maast lahti ka k\u00f5ige suuremad ja raskemad s\u00f5idukid !<\/p>","protected":false},"excerpt":{"rendered":"<p>Tungraud<\/p>","protected":false},"featured_media":1646,"template":"","meta":{"_uag_custom_page_level_css":"","site-sidebar-layout":"default","site-content-layout":"","ast-site-content-layout":"default","site-content-style":"default","site-sidebar-style":"default","ast-global-header-display":"","ast-banner-title-visibility":"","ast-main-header-display":"","ast-hfb-above-header-display":"","ast-hfb-below-header-display":"","ast-hfb-mobile-header-display":"","site-post-title":"","ast-breadcrumbs-content":"","ast-featured-img":"","footer-sml-layout":"","ast-disable-related-posts":"","theme-transparent-header-meta":"default","adv-header-id-meta":"","stick-header-meta":"default","header-above-stick-meta":"","header-main-stick-meta":"","header-below-stick-meta":"","astra-migrate-meta-layouts":"set","ast-page-background-enabled":"default","ast-page-background-meta":{"desktop":{"background-color":"var(--ast-global-color-4)","background-image":"","background-repeat":"repeat","background-position":"center center","background-size":"auto","background-attachment":"scroll","background-type":"","background-media":"","overlay-type":"","overlay-color":"","overlay-opacity":"","overlay-gradient":""},"tablet":{"background-color":"","background-image":"","background-repeat":"repeat","background-position":"center center","background-size":"auto","background-attachment":"scroll","background-type":"","background-media":"","overlay-type":"","overlay-color":"","overlay-opacity":"","overlay-gradient":""},"mobile":{"background-color":"","background-image":"","background-repeat":"repeat","background-position":"center center","background-size":"auto","background-attachment":"scroll","background-type":"","background-media":"","overlay-type":"","overlay-color":"","overlay-opacity":"","overlay-gradient":""}},"ast-content-background-meta":{"desktop":{"background-color":"var(--ast-global-color-5)","background-image":"","background-repeat":"repeat","background-position":"center center","background-size":"auto","background-attachment":"scroll","background-type":"","background-media":"","overlay-type":"","overlay-color":"","overlay-opacity":"","overlay-gradient":""},"tablet":{"background-color":"var(--ast-global-color-5)","background-image":"","background-repeat":"repeat","background-position":"center center","background-size":"auto","background-attachment":"scroll","background-type":"","background-media":"","overlay-type":"","overlay-color":"","overlay-opacity":"","overlay-gradient":""},"mobile":{"background-color":"var(--ast-global-color-5)","background-image":"","background-repeat":"repeat","background-position":"center center","background-size":"auto","background-attachment":"scroll","background-type":"","background-media":"","overlay-type":"","overlay-color":"","overlay-opacity":"","overlay-gradient":""}}},"product_brand":[],"product_cat":[18],"product_tag":[],"class_list":{"0":"post-128","1":"product","2":"type-product","3":"status-publish","4":"has-post-thumbnail","6":"product_cat-autokaubad","7":"desktop-align-left","8":"tablet-align-left","9":"mobile-align-left","10":"ast-product-gallery-layout-horizontal-slider","11":"ast-product-gallery-with-no-image","12":"ast-product-tabs-layout-horizontal","14":"first","15":"instock","16":"taxable","17":"shipping-taxable","18":"purchasable","19":"product-type-simple"},"uagb_featured_image_src":{"full":["https:\/\/kuuskant.ee\/wp-content\/uploads\/2026\/03\/9F74CC21-C9A7-41B2-AAA5-4B8FDF991212.png",1536,1024,false],"thumbnail":["https:\/\/kuuskant.ee\/wp-content\/uploads\/2026\/03\/9F74CC21-C9A7-41B2-AAA5-4B8FDF991212-150x150.png",150,150,true],"medium":["https:\/\/kuuskant.ee\/wp-content\/uploads\/2026\/03\/9F74CC21-C9A7-41B2-AAA5-4B8FDF991212-300x200.png",300,200,true],"medium_large":["https:\/\/kuuskant.ee\/wp-content\/uploads\/2026\/03\/9F74CC21-C9A7-41B2-AAA5-4B8FDF991212-768x512.png",768,512,true],"large":["https:\/\/kuuskant.ee\/wp-content\/uploads\/2026\/03\/9F74CC21-C9A7-41B2-AAA5-4B8FDF991212-1024x683.png",1024,683,true],"1536x1536":["https:\/\/kuuskant.ee\/wp-content\/uploads\/2026\/03\/9F74CC21-C9A7-41B2-AAA5-4B8FDF991212.png",1536,1024,false],"2048x2048":["https:\/\/kuuskant.ee\/wp-content\/uploads\/2026\/03\/9F74CC21-C9A7-41B2-AAA5-4B8FDF991212.png",1536,1024,false],"trp-custom-language-flag":["https:\/\/kuuskant.ee\/wp-content\/uploads\/2026\/03\/9F74CC21-C9A7-41B2-AAA5-4B8FDF991212-18x12.png",18,12,true],"woocommerce_thumbnail":["https:\/\/kuuskant.ee\/wp-content\/uploads\/2026\/03\/9F74CC21-C9A7-41B2-AAA5-4B8FDF991212-250x188.png",250,188,true],"woocommerce_single":["https:\/\/kuuskant.ee\/wp-content\/uploads\/2026\/03\/9F74CC21-C9A7-41B2-AAA5-4B8FDF991212-250x167.png",250,167,true],"woocommerce_gallery_thumbnail":["https:\/\/kuuskant.ee\/wp-content\/uploads\/2026\/03\/9F74CC21-C9A7-41B2-AAA5-4B8FDF991212-100x100.png",100,100,true],"thaps-thumb-img":["https:\/\/kuuskant.ee\/wp-content\/uploads\/2026\/03\/9F74CC21-C9A7-41B2-AAA5-4B8FDF991212.png",48,32,false]},"uagb_author_info":{"display_name":"Admin","author_link":"https:\/\/kuuskant.ee\/en\/author\/"},"uagb_comment_info":0,"uagb_excerpt":"Tungraud","_links":{"self":[{"href":"https:\/\/kuuskant.ee\/en\/wp-json\/wp\/v2\/product\/128","targetHints":{"allow":["GET"]}}],"collection":[{"href":"https:\/\/kuuskant.ee\/en\/wp-json\/wp\/v2\/product"}],"about":[{"href":"https:\/\/kuuskant.ee\/en\/wp-json\/wp\/v2\/types\/product"}],"version-history":[{"count":1,"href":"https:\/\/kuuskant.ee\/en\/wp-json\/wp\/v2\/product\/128\/revisions"}],"predecessor-version":[{"id":143,"href":"https:\/\/kuuskant.ee\/en\/wp-json\/wp\/v2\/product\/128\/revisions\/143"}],"wp:featuredmedia":[{"embeddable":true,"href":"https:\/\/kuuskant.ee\/en\/wp-json\/wp\/v2\/media\/1646"}],"wp:attachment":[{"href":"https:\/\/kuuskant.ee\/en\/wp-json\/wp\/v2\/media?parent=128"}],"wp:term":[{"taxonomy":"product_brand","embeddable":true,"href":"https:\/\/kuuskant.ee\/en\/wp-json\/wp\/v2\/product_brand?post=128"},{"taxonomy":"product_cat","embeddable":true,"href":"https:\/\/kuuskant.ee\/en\/wp-json\/wp\/v2\/product_cat?post=128"},{"taxonomy":"product_tag","embeddable":true,"href":"https:\/\/kuuskant.ee\/en\/wp-json\/wp\/v2\/product_tag?post=128"}],"curies":[{"name":"wp","href":"https:\/\/api.w.org\/{rel}","templated":true}]}}